{"id":15,"date":"2025-11-03T10:12:47","date_gmt":"2025-11-03T10:12:47","guid":{"rendered":"https:\/\/coldent.demarketingacademy.com\/?page_id=15"},"modified":"2025-11-03T11:45:11","modified_gmt":"2025-11-03T11:45:11","slug":"clinica-coldent","status":"publish","type":"page","link":"https:\/\/coldent.demarketingacademy.com\/","title":{"rendered":"Cl\u00ednica Coldent"},"content":{"rendered":"\t\t<div data-elementor-type=\"wp-page\" data-elementor-id=\"15\" class=\"elementor elementor-15\">\n\t\t\t\t\t\t<\/div>\n\t\t","protected":false},"excerpt":{"rendered":"<p>Titulo a Titulo b A\u00f1ade aqu\u00ed tu texto de cabecera Haz clic aqu\u00ed \u00bfQu\u00e9 incluye y por qu\u00e9 es \u00fanico? Title Text Title Text Title Text Title Text Title Text Title Text El proceso Title Text Title Text Title Text Title Text Titulo Haz clic aqu\u00ed Captura de lead<\/p>\n","protected":false},"author":1,"featured_media":0,"parent":0,"menu_order":0,"comment_status":"closed","ping_status":"closed","template":"elementor_canvas","meta":{"footnotes":""},"class_list":["post-15","page","type-page","status-publish","hentry"],"_links":{"self":[{"href":"https:\/\/coldent.demarketingacademy.com\/index.php\/wp-json\/wp\/v2\/pages\/15","targetHints":{"allow":["GET"]}}],"collection":[{"href":"https:\/\/coldent.demarketingacademy.com\/index.php\/wp-json\/wp\/v2\/pages"}],"about":[{"href":"https:\/\/coldent.demarketingacademy.com\/index.php\/wp-json\/wp\/v2\/types\/page"}],"author":[{"embeddable":true,"href":"https:\/\/coldent.demarketingacademy.com\/index.php\/wp-json\/wp\/v2\/users\/1"}],"replies":[{"embeddable":true,"href":"https:\/\/coldent.demarketingacademy.com\/index.php\/wp-json\/wp\/v2\/comments?post=15"}],"version-history":[{"count":7,"href":"https:\/\/coldent.demarketingacademy.com\/index.php\/wp-json\/wp\/v2\/pages\/15\/revisions"}],"predecessor-version":[{"id":33,"href":"https:\/\/coldent.demarketingacademy.com\/index.php\/wp-json\/wp\/v2\/pages\/15\/revisions\/33"}],"wp:attachment":[{"href":"https:\/\/coldent.demarketingacademy.com\/index.php\/wp-json\/wp\/v2\/media?parent=15"}],"curies":[{"name":"wp","href":"https:\/\/api.w.org\/{rel}","templated":true}]}}